{"id":11,"date":"2021-08-16T09:37:21","date_gmt":"2021-08-16T07:37:21","guid":{"rendered":"http:\/\/www.cuepm.fr\/?page_id=11"},"modified":"2023-10-11T15:55:46","modified_gmt":"2023-10-11T13:55:46","slug":"qui-sommes-nous","status":"publish","type":"page","link":"https:\/\/www.cuepm.fr\/index.php\/qui-sommes-nous\/","title":{"rendered":"Qui sommes-nous?"},"content":{"rendered":"\n<p><\/p>\n\n\n\n<p class=\"has-medium-font-size\">\u00a0\u00a0 Cr\u00e9e en juillet 2015, la soci\u00e9t\u00e9 CUEPM, ( Conception Usinage \u00c9lectro \u00c9rosion Pi\u00e8ces M\u00e9caniques),est install\u00e9e \u00e0 LOUDUN 20 Av. Ouagadougou ZI Nord.<\/p>\n\n\n\n<p class=\"has-medium-font-size\">\u00a0La conjonction de diff\u00e9rents m\u00e9tiers , tels que l&rsquo;usinage CN, l&rsquo;usinage conventionnel , l&rsquo;\u00e9lectro\u00e9rosion,l&rsquo;outillage et l&rsquo;ajustage de pi\u00e8ces, traitement thermique , CFAO, permet \u00e0 CUEPM de servir des secteurs d&rsquo;activit\u00e9s aussi diversifi\u00e9s que le cosm\u00e9tique,le m\u00e9dical,l&rsquo;automobile,l&rsquo;agriculture,le ferroviaire, la machine sp\u00e9ciale , \u2026&#8230;&#8230;<\/p>\n\n\n\n<p class=\"has-medium-font-size\">La soci\u00e9t\u00e9 dispose d&rsquo;un parc machines CN &amp; conventionnel, d&rsquo;un bureau d&rsquo;\u00e9tudes \u00e9quip\u00e9 en CAO\/FAO, des moyens de contr\u00f4le 3D,deux four de traitement thermique, d&rsquo;une presse de d\u00e9coupe et d&#8217;emboutissage d&rsquo;une machine pour l&rsquo;usinage de grand profil\u00e9 ( 6000).<\/p>\n","protected":false},"excerpt":{"rendered":"<p>\u00a0\u00a0 Cr\u00e9e en juillet 2015, la soci\u00e9t\u00e9 CUEPM, ( Conception Usinage \u00c9lectro \u00c9rosion Pi\u00e8ces M\u00e9caniques),est install\u00e9e \u00e0 LOUDUN 20 Av. Ouagadougou ZI Nord. \u00a0La conjonction de diff\u00e9rents m\u00e9tiers , tels que l&rsquo;usinage CN, l&rsquo;usinage conventionnel , l&rsquo;\u00e9lectro\u00e9rosion,l&rsquo;outillage et l&rsquo;ajustage de pi\u00e8ces, traitement thermique , CFAO, permet \u00e0 CUEPM de servir des secteurs d&rsquo;activit\u00e9s aussi diversifi\u00e9s [&hellip;]<\/p>\n","protected":false},"author":1,"featured_media":0,"parent":0,"menu_order":0,"comment_status":"closed","ping_status":"closed","template":"","meta":[],"_links":{"self":[{"href":"https:\/\/www.cuepm.fr\/index.php\/wp-json\/wp\/v2\/pages\/11"}],"collection":[{"href":"https:\/\/www.cuepm.fr\/index.php\/wp-json\/wp\/v2\/pages"}],"about":[{"href":"https:\/\/www.cuepm.fr\/index.php\/wp-json\/wp\/v2\/types\/page"}],"author":[{"embeddable":true,"href":"https:\/\/www.cuepm.fr\/index.php\/wp-json\/wp\/v2\/users\/1"}],"replies":[{"embeddable":true,"href":"https:\/\/www.cuepm.fr\/index.php\/wp-json\/wp\/v2\/comments?post=11"}],"version-history":[{"count":4,"href":"https:\/\/www.cuepm.fr\/index.php\/wp-json\/wp\/v2\/pages\/11\/revisions"}],"predecessor-version":[{"id":175,"href":"https:\/\/www.cuepm.fr\/index.php\/wp-json\/wp\/v2\/pages\/11\/revisions\/175"}],"wp:attachment":[{"href":"https:\/\/www.cuepm.fr\/index.php\/wp-json\/wp\/v2\/media?parent=11"}],"curies":[{"name":"wp","href":"https:\/\/api.w.org\/{rel}","templated":true}]}}