{"id":13,"date":"2021-08-16T09:37:21","date_gmt":"2021-08-16T07:37:21","guid":{"rendered":"http:\/\/www.cuepm.fr\/?page_id=13"},"modified":"2023-09-25T14:48:38","modified_gmt":"2023-09-25T12:48:38","slug":"conception","status":"publish","type":"page","link":"https:\/\/www.cuepm.fr\/index.php\/conception\/","title":{"rendered":"Conception"},"content":{"rendered":"\t\t<div data-elementor-type=\"wp-page\" data-elementor-id=\"13\" class=\"elementor elementor-13\" data-elementor-settings=\"[]\">\n\t\t\t\t\t\t\t<div class=\"elementor-section-wrap\">\n\t\t\t\t\t\t\t<section class=\"elementor-section elementor-top-section elementor-element elementor-element-687218d elementor-section-boxed elementor-section-height-default elementor-section-height-default\" data-id=\"687218d\" data-element_type=\"section\">\n\t\t\t\t\t\t<div class=\"elementor-container elementor-column-gap-default\">\n\t\t\t\t\t<div class=\"elementor-column elementor-col-33 elementor-top-column elementor-element elementor-element-9a269f9\" data-id=\"9a269f9\" data-element_type=\"column\">\n\t\t\t<div class=\"elementor-widget-wrap elementor-element-populated\">\n\t\t\t\t\t\t\t\t<div class=\"elementor-element elementor-element-ae32498 elementor-widget elementor-widget-heading\" data-id=\"ae32498\" data-element_type=\"widget\" data-widget_type=\"heading.default\">\n\t\t\t\t<div class=\"elementor-widget-container\">\n\t\t\t<h2 class=\"elementor-heading-title elementor-size-default\">STRUCTURE DU PRODUIT<\/h2>\t\t<\/div>\n\t\t\t\t<\/div>\n\t\t\t\t\t<\/div>\n\t\t<\/div>\n\t\t\t\t<div class=\"elementor-column elementor-col-33 elementor-top-column elementor-element elementor-element-c04bffa\" data-id=\"c04bffa\" data-element_type=\"column\">\n\t\t\t<div class=\"elementor-widget-wrap elementor-element-populated\">\n\t\t\t\t\t\t\t\t<div class=\"elementor-element elementor-element-d034891 elementor-widget elementor-widget-heading\" data-id=\"d034891\" data-element_type=\"widget\" data-widget_type=\"heading.default\">\n\t\t\t\t<div class=\"elementor-widget-container\">\n\t\t\t<h2 class=\"elementor-heading-title elementor-size-default\">SYSTEME DU PRODUIT\n<\/h2>\t\t<\/div>\n\t\t\t\t<\/div>\n\t\t\t\t\t<\/div>\n\t\t<\/div>\n\t\t\t\t<div class=\"elementor-column elementor-col-33 elementor-top-column elementor-element elementor-element-5ad17ab\" data-id=\"5ad17ab\" data-element_type=\"column\">\n\t\t\t<div class=\"elementor-widget-wrap elementor-element-populated\">\n\t\t\t\t\t\t\t\t<div class=\"elementor-element elementor-element-89cb133 elementor-widget elementor-widget-heading\" data-id=\"89cb133\" data-element_type=\"widget\" data-widget_type=\"heading.default\">\n\t\t\t\t<div class=\"elementor-widget-container\">\n\t\t\t<h2 class=\"elementor-heading-title elementor-size-default\">CONCEPT DU PRODUIT\n<\/h2>\t\t<\/div>\n\t\t\t\t<\/div>\n\t\t\t\t\t<\/div>\n\t\t<\/div>\n\t\t\t\t\t\t\t<\/div>\n\t\t<\/section>\n\t\t\t\t<section class=\"elementor-section elementor-top-section elementor-element elementor-element-8c1a5ab elementor-section-boxed elementor-section-height-default elementor-section-height-default\" data-id=\"8c1a5ab\" data-element_type=\"section\">\n\t\t\t\t\t\t<div class=\"elementor-container elementor-column-gap-default\">\n\t\t\t\t\t<div class=\"elementor-column elementor-col-33 elementor-top-column elementor-element elementor-element-d69f268\" data-id=\"d69f268\" data-element_type=\"column\">\n\t\t\t<div class=\"elementor-widget-wrap elementor-element-populated\">\n\t\t\t\t\t\t\t\t<div class=\"elementor-element elementor-element-464f401 elementor-widget elementor-widget-text-editor\" data-id=\"464f401\" data-element_type=\"widget\" data-widget_type=\"text-editor.default\">\n\t\t\t\t<div class=\"elementor-widget-container\">\n\t\t\t\t\t\t\t<p><strong>1\/ COMPOSANTS DU PRODUIT<\/strong><\/p>\n<p>&#8211; Mat\u00e9riaux \u00e0 faibles impacts ( renouvelables, recyclables, recycl\u00e9s, etc)<\/p>\n<p>&#8211; R\u00e9duite le poids, r\u00e9duite le volume<\/p>\n<p>&#8211; D\u00e9mat\u00e9rialisation<\/p>\n<p><strong>2\/ OPTIMISATION DES TECHNIQUES DE FABRICATION<\/strong><\/p>\n<p>-Techniques alternatives. <br><\/p>\n<p>&#8211; R\u00e9duite les \u00e9tapes de production<\/p>\n<p>-Low\/clean energy consumtion<\/p>\n<p>-R\u00e9duction des d\u00e9ch\u00eats<\/p>\n<p>-R\u00e9duction des consommables<\/p>\t\t\t\t\t\t<\/div>\n\t\t\t\t<\/div>\n\t\t\t\t\t<\/div>\n\t\t<\/div>\n\t\t\t\t<div class=\"elementor-column elementor-col-33 elementor-top-column elementor-element elementor-element-a90af83\" data-id=\"a90af83\" data-element_type=\"column\">\n\t\t\t<div class=\"elementor-widget-wrap elementor-element-populated\">\n\t\t\t\t\t\t\t\t<div class=\"elementor-element elementor-element-55d90e5 elementor-widget elementor-widget-text-editor\" data-id=\"55d90e5\" data-element_type=\"widget\" data-widget_type=\"text-editor.default\">\n\t\t\t\t<div class=\"elementor-widget-container\">\n\t\t\t\t\t\t\t<p><strong>3\/ REDUCTION DES IMPACTS DE LA PHASE D&rsquo;UTILISATION<\/strong><\/p><p>-Faible consommation d&rsquo;\u00e9nergie<\/p><p>-Choisir une source d&rsquo;\u00e9nergie \u00ab\u00a0propre\u00a0\u00bb<\/p><p>-Diminuer les consommables<\/p><p><strong>4\/ OPTIMISATION DE LA LOGISTIQUE<\/strong><\/p><p>-R\u00e9duction, r\u00e9utilisation, \u00ab\u00a0clean\u00a0\u00bb emballage.<\/p><p>-Transport \u00ab\u00a0vert\u00a0\u00bb<\/p><p>-Logistique optimis\u00e9e.<\/p>\t\t\t\t\t\t<\/div>\n\t\t\t\t<\/div>\n\t\t\t\t\t<\/div>\n\t\t<\/div>\n\t\t\t\t<div class=\"elementor-column elementor-col-33 elementor-top-column elementor-element elementor-element-17d86ed\" data-id=\"17d86ed\" data-element_type=\"column\">\n\t\t\t<div class=\"elementor-widget-wrap elementor-element-populated\">\n\t\t\t\t\t\t\t\t<div class=\"elementor-element elementor-element-0d07b1f elementor-widget elementor-widget-text-editor\" data-id=\"0d07b1f\" data-element_type=\"widget\" data-widget_type=\"text-editor.default\">\n\t\t\t\t<div class=\"elementor-widget-container\">\n\t\t\t\t\t\t\t<p><strong>5\/ OPTIMISATION DE LA FIN DE VIE<\/strong><\/p><p>&#8211; R\u00e9utilisation de produit<\/p><p>-Re-fabrication \/ R\u00e9habilitation<\/p><p>-favoriser le recyclage et\/ou des fins de vie appropri\u00e9es<\/p><p><strong>6\/ OPTIMISATION DE LA DUREE DE VIE<\/strong><\/p><p>-Faciliter le d\u00e9montage et la maintenance<\/p><p>-Durabilit\u00e9 et fiabilit\u00e9<\/p><p>-Relation produit \/ Utilisateur forte<\/p>\t\t\t\t\t\t<\/div>\n\t\t\t\t<\/div>\n\t\t\t\t\t<\/div>\n\t\t<\/div>\n\t\t\t\t\t\t\t<\/div>\n\t\t<\/section>\n\t\t\t\t<section class=\"elementor-section elementor-top-section elementor-element elementor-element-b2d7db7 elementor-section-boxed elementor-section-height-default elementor-section-height-default\" data-id=\"b2d7db7\" data-element_type=\"section\">\n\t\t\t\t\t\t<div class=\"elementor-container elementor-column-gap-default\">\n\t\t\t\t\t<div class=\"elementor-column elementor-col-50 elementor-top-column elementor-element elementor-element-508d5e2\" data-id=\"508d5e2\" data-element_type=\"column\">\n\t\t\t<div class=\"elementor-widget-wrap elementor-element-populated\">\n\t\t\t\t\t\t\t\t<div class=\"elementor-element elementor-element-3de104b elementor-widget elementor-widget-image\" data-id=\"3de104b\" data-element_type=\"widget\" data-widget_type=\"image.default\">\n\t\t\t\t<div class=\"elementor-widget-container\">\n\t\t\t\t\t\t\t\t\t\t\t\t\t\t\t<img width=\"1024\" height=\"768\" src=\"https:\/\/www.cuepm.fr\/wp-content\/uploads\/2021\/09\/20180325_102818-1024x768.jpg\" class=\"attachment-large size-large\" alt=\"\" loading=\"lazy\" \/>\t\t\t\t\t\t\t\t\t\t\t\t\t\t\t<\/div>\n\t\t\t\t<\/div>\n\t\t\t\t\t<\/div>\n\t\t<\/div>\n\t\t\t\t<div class=\"elementor-column elementor-col-50 elementor-top-column elementor-element elementor-element-5bfc785\" data-id=\"5bfc785\" data-element_type=\"column\">\n\t\t\t<div class=\"elementor-widget-wrap elementor-element-populated\">\n\t\t\t\t\t\t\t\t<div class=\"elementor-element elementor-element-c725a54 elementor-widget elementor-widget-image\" data-id=\"c725a54\" data-element_type=\"widget\" data-widget_type=\"image.default\">\n\t\t\t\t<div class=\"elementor-widget-container\">\n\t\t\t\t\t\t\t\t\t\t\t\t\t\t\t<img width=\"1024\" height=\"768\" src=\"https:\/\/www.cuepm.fr\/wp-content\/uploads\/2021\/09\/20180720_092617-1024x768.jpg\" class=\"attachment-large size-large\" alt=\"\" loading=\"lazy\" \/>\t\t\t\t\t\t\t\t\t\t\t\t\t\t\t<\/div>\n\t\t\t\t<\/div>\n\t\t\t\t\t<\/div>\n\t\t<\/div>\n\t\t\t\t\t\t\t<\/div>\n\t\t<\/section>\n\t\t\t\t\t\t<\/div>\n\t\t\t\t\t<\/div>\n\t\t","protected":false},"excerpt":{"rendered":"<p>STRUCTURE DU PRODUIT SYSTEME DU PRODUIT CONCEPT DU PRODUIT 1\/ COMPOSANTS DU PRODUIT &#8211; Mat\u00e9riaux \u00e0 faibles impacts ( renouvelables, recyclables, recycl\u00e9s, etc) &#8211; R\u00e9duite le poids, r\u00e9duite le volume &#8211; D\u00e9mat\u00e9rialisation 2\/ OPTIMISATION DES TECHNIQUES DE FABRICATION -Techniques alternatives. &#8211; R\u00e9duite les \u00e9tapes de production -Low\/clean energy consumtion -R\u00e9duction des d\u00e9ch\u00eats -R\u00e9duction des consommables [&hellip;]<\/p>\n","protected":false},"author":1,"featured_media":0,"parent":0,"menu_order":0,"comment_status":"closed","ping_status":"closed","template":"elementor_header_footer","meta":[],"_links":{"self":[{"href":"https:\/\/www.cuepm.fr\/index.php\/wp-json\/wp\/v2\/pages\/13"}],"collection":[{"href":"https:\/\/www.cuepm.fr\/index.php\/wp-json\/wp\/v2\/pages"}],"about":[{"href":"https:\/\/www.cuepm.fr\/index.php\/wp-json\/wp\/v2\/types\/page"}],"author":[{"embeddable":true,"href":"https:\/\/www.cuepm.fr\/index.php\/wp-json\/wp\/v2\/users\/1"}],"replies":[{"embeddable":true,"href":"https:\/\/www.cuepm.fr\/index.php\/wp-json\/wp\/v2\/comments?post=13"}],"version-history":[{"count":25,"href":"https:\/\/www.cuepm.fr\/index.php\/wp-json\/wp\/v2\/pages\/13\/revisions"}],"predecessor-version":[{"id":171,"href":"https:\/\/www.cuepm.fr\/index.php\/wp-json\/wp\/v2\/pages\/13\/revisions\/171"}],"wp:attachment":[{"href":"https:\/\/www.cuepm.fr\/index.php\/wp-json\/wp\/v2\/media?parent=13"}],"curies":[{"name":"wp","href":"https:\/\/api.w.org\/{rel}","templated":true}]}}